{"id":27,"date":"2020-10-30T17:29:38","date_gmt":"2020-10-30T16:29:38","guid":{"rendered":"https:\/\/webhosting.de\/agentur-ehrenwert-ug-haftungsbeschraenkt\/"},"modified":"2020-10-30T17:29:38","modified_gmt":"2020-10-30T16:29:38","slug":"agenzia-onoreficenza-responsabilita-limitata","status":"publish","type":"page","link":"https:\/\/webhosting.de\/it\/agentur-ehrenwert-ug-haftungsbeschraenkt\/","title":{"rendered":"Agente Ehrenwert UG (responsabilit\u00e0 limitata)"},"content":{"rendered":"<p>Il sito\u00a0<em><a href=\"https:\/\/webhosting.de\/it\/agentur-ehrenwert-ug\/\">Agenzia onorevole UG<\/a> [RESPONSABILIT\u00c0 LIMITATA]<\/em>\u00a0\u00e8 stata fondata a Gottinga nel febbraio 2012 con l'obiettivo di offrire ai clienti commerciali un portafoglio di servizi a tutto tondo in termini di <a href=\"https:\/\/webhosting.de\/it\/klimaneutrales-hosting-auch-online-auf-die-umwelt-achten\/\">Web hosting<\/a>Hosted Helpdesk e Managed IT. Grazie all'ampio portafoglio di prodotti, le richieste dei clienti pi\u00f9 esigenti possono essere coperte efficacemente fino ad oggi.<\/p>\n<p>Il concetto centrale del\u00a0<em>Agentur ehrenwert UG (responsabilit\u00e0 limitata)<\/em>\u00a0ha fornito la massima affidabilit\u00e0 possibile nei settori dell'infrastruttura di rete, nonch\u00e9 dell'hardware e del software dei server. Un ampio e personale contatto per le parti interessate e i clienti esistenti completa i servizi di\u00a0<em>Agentur ehrenwert UG (responsabilit\u00e0 limitata)<\/em>\u00a0si armonizzano.<\/p>\n<p class=\"nomarginbottom\">Il sito\u00a0<em>Agentur ehrenwert UG (responsabilit\u00e0 limitata)<\/em>\u00a0ha la sua sede centrale nella citt\u00e0 universitaria di Gottinga. Situata nel cuore della Germania, tra Hannover e Kassel, questa piccola citt\u00e0 \u00e8 ben collegata e ha un suo fascino, dovuto soprattutto al gran numero di studenti. Lo spirito della citt\u00e0 si manifesta nel modo di pensare indipendente dei suoi cittadini, che conducono sempre la loro vita in modo aperto ma anche critico.<\/p>\n<p class=\"nomarginbottom\">Alla citt\u00e0 natale del\u00a0<em>Agentur ehrenwert UG (responsabilit\u00e0 limitata)<\/em>\u00a0Per commemorare la citt\u00e0 di Gottinga, i prodotti offerti hanno preso il nome da personalit\u00e0 che sono state prodotte dalla citt\u00e0 di Gottinga o che hanno vissuto e insegnato a Gottinga.<\/p>\n<p class=\"nomarginbottom\">Quindi i pacchetti di web hosting del\u00a0<em>Agentur ehrenwert UG (responsabilit\u00e0 limitata)<\/em>\u00a0 secondo il\u00a0<em>Gottinga Sette<\/em>\u00a0nominato; il virtuale <a href=\"https:\/\/webhosting.de\/it\/switch-rechenzentren-zahlen-geld-fuer-server-abwaerme\/\">Server<\/a> ricevono i loro nomi dal\u00a0<em>Gottinga diciotto<\/em>.<\/p>\n<h2>Fornitore: Agenzia Ehrenwert UG (responsabilit\u00e0 limitata)<\/h2>\n<p>URL: https:\/\/www.ehrenwert-it.de<\/p>\n<p>e-mail: briefkasten@ehrenwert.it<\/p>","protected":false},"excerpt":{"rendered":"<p>Die\u00a0Agentur ehrenwert UG (haftungsbeschr\u00e4nkt)\u00a0wurde im Februar 2012 in G\u00f6ttingen\u00a0mit dem Ziel gegr\u00fcndet, Gesch\u00e4ftskunden ein abgerundetes Leistungsportfolio in Bezug auf Webhosting, Hosted Helpdesk sowie Managed IT anbieten zu k\u00f6nnen. Durch das breite Produktportfolio k\u00f6nnen anspruchsvolle Kundenw\u00fcnsche bis heute effektiv abgedeckt werden. Das Kernkonzept der\u00a0Agentur ehrenwert UG (haftungsbeschr\u00e4nkt)\u00a0ist seit der Gr\u00fcndung eine gr\u00f6\u00dftm\u00f6gliche Zuverl\u00e4ssigkeit in den Bereichen [&hellip;]<\/p>\n","protected":false},"author":1,"featured_media":0,"parent":0,"menu_order":0,"comment_status":"open","ping_status":"open","template":"","meta":{"_acf_changed":false,"_crdt_document":"","inline_featured_image":false,"footnotes":""},"class_list":["post-27","page","type-page","status-publish","hentry"],"acf":[],"_wp_attached_file":null,"_wp_attachment_metadata":null,"litespeed-optimize-size":null,"litespeed-optimize-set":null,"_elementor_source_image_hash":null,"_wp_attachment_image_alt":null,"stockpack_author_name":null,"stockpack_author_url":null,"stockpack_provider":null,"stockpack_image_url":null,"stockpack_license":null,"stockpack_license_url":null,"stockpack_modification":null,"color":null,"original_id":null,"original_url":null,"original_link":null,"unsplash_location":null,"unsplash_sponsor":null,"unsplash_exif":null,"unsplash_attachment_metadata":null,"_elementor_is_screenshot":null,"surfer_file_name":null,"surfer_file_original_url":null,"envato_tk_source_kit":null,"envato_tk_source_index":null,"envato_tk_manifest":null,"envato_tk_folder_name":null,"envato_tk_builder":null,"envato_elements_download_event":null,"_menu_item_type":null,"_menu_item_menu_item_parent":null,"_menu_item_object_id":null,"_menu_item_object":null,"_menu_item_target":null,"_menu_item_classes":null,"_menu_item_xfn":null,"_menu_item_url":null,"_trp_menu_languages":null,"rank_math_primary_category":null,"rank_math_title":null,"inline_featured_image":null,"_yoast_wpseo_primary_category":null,"rank_math_schema_blogposting":null,"rank_math_schema_videoobject":null,"_oembed_049c719bc4a9f89deaead66a7da9fddc":null,"_oembed_time_049c719bc4a9f89deaead66a7da9fddc":null,"_yoast_wpseo_focuskw":null,"_yoast_wpseo_linkdex":null,"_oembed_27e3473bf8bec795fbeb3a9d38489348":null,"_oembed_c3b0f6959478faf92a1f343d8f96b19e":null,"_trp_translated_slug_en_us":null,"_wp_desired_post_slug":null,"_yoast_wpseo_title":null,"tldname":null,"tldpreis":null,"tldrubrik":null,"tldpolicylink":null,"tldsize":null,"tldregistrierungsdauer":null,"tldtransfer":null,"tldwhoisprivacy":null,"tldregistrarchange":null,"tldregistrantchange":null,"tldwhoisupdate":null,"tldnameserverupdate":null,"tlddeletesofort":null,"tlddeleteexpire":null,"tldumlaute":null,"tldrestore":null,"tldsubcategory":null,"tldbildname":null,"tldbildurl":null,"tldclean":null,"tldcategory":null,"tldpolicy":null,"tldbesonderheiten":null,"tld_bedeutung":null,"_oembed_d167040d816d8f94c072940c8009f5f8":null,"_oembed_b0a0fa59ef14f8870da2c63f2027d064":null,"_oembed_4792fa4dfb2a8f09ab950a73b7f313ba":null,"_oembed_33ceb1fe54a8ab775d9410abf699878d":null,"_oembed_fd7014d14d919b45ec004937c0db9335":null,"_oembed_21a029d076783ec3e8042698c351bd7e":null,"_oembed_be5ea8a0c7b18e658f08cc571a909452":null,"_oembed_a9ca7a298b19f9b48ec5914e010294d2":null,"_oembed_f8db6b27d08a2bb1f920e7647808899a":null,"_oembed_168ebde5096e77d8a89326519af9e022":null,"_oembed_cdb76f1b345b42743edfe25481b6f98f":null,"_oembed_87b0613611ae54e86e8864265404b0a1":null,"_oembed_27aa0e5cf3f1bb4bc416a4641a5ac273":null,"_oembed_time_27aa0e5cf3f1bb4bc416a4641a5ac273":null,"_tldname":null,"_tldclean":null,"_tldpreis":null,"_tldcategory":null,"_tldsubcategory":null,"_tldpolicy":null,"_tldpolicylink":null,"_tldsize":null,"_tldregistrierungsdauer":null,"_tldtransfer":null,"_tldwhoisprivacy":null,"_tldregistrarchange":null,"_tldregistrantchange":null,"_tldwhoisupdate":null,"_tldnameserverupdate":null,"_tlddeletesofort":null,"_tlddeleteexpire":null,"_tldumlaute":null,"_tldrestore":null,"_tldbildname":null,"_tldbildurl":null,"_tld_bedeutung":null,"_tldbesonderheiten":null,"_oembed_ad96e4112edb9f8ffa35731d4098bc6b":null,"_oembed_8357e2b8a2575c74ed5978f262a10126":null,"_oembed_3d5fea5103dd0d22ec5d6a33eff7f863":null,"_eael_widget_elements":null,"_oembed_0d8a206f09633e3d62b95a15a4dd0487":null,"_oembed_time_0d8a206f09633e3d62b95a15a4dd0487":null,"_aioseo_description":null,"_eb_attr":null,"_eb_data_table":null,"_oembed_819a879e7da16dd629cfd15a97334c8a":null,"_oembed_time_819a879e7da16dd629cfd15a97334c8a":null,"_acf_changed":null,"_wpcode_auto_insert":null,"_edit_last":null,"_edit_lock":null,"_oembed_e7b913c6c84084ed9702cb4feb012ddd":null,"_oembed_bfde9e10f59a17b85fc8917fa7edf782":null,"_oembed_time_bfde9e10f59a17b85fc8917fa7edf782":null,"_oembed_03514b67990db061d7c4672de26dc514":null,"_oembed_time_03514b67990db061d7c4672de26dc514":null,"rank_math_news_sitemap_robots":"index","rank_math_robots":["index"],"_eael_post_view_count":"4405","_trp_automatically_translated_slug_ru_ru":null,"_trp_automatically_translated_slug_et":"agentuuri-honor-ug-kohustuslik-piiratud","_trp_automatically_translated_slug_lv":"agentur-ehrenwert-ug-haftungsbeschraenkt","_trp_automatically_translated_slug_fr_fr":null,"_trp_automatically_translated_slug_en_us":null,"_wp_old_slug":null,"_trp_automatically_translated_slug_da_dk":null,"_trp_automatically_translated_slug_pl_pl":null,"_trp_automatically_translated_slug_es_es":null,"_trp_automatically_translated_slug_hu_hu":null,"_trp_automatically_translated_slug_fi":"agentur-ehrenwert-ug-haftungsbeschraenkt","_trp_automatically_translated_slug_ja":"%e3%81%a0%e3%81%84%e3%82%8a%e3%81%8d%e3%81%98%e3%82%87%e3%81%86%e3%81%8d%e3%82%87%e3%81%97%e3%82%87%e3%81%86%e3%81%a6%e3%81%8d%e3%82%86%e3%81%86%e3%81%94%e3%81%91%e3%82%93%e3%81%92%e3%82%93%e3%81%84","_trp_automatically_translated_slug_lt_lt":null,"_elementor_edit_mode":null,"_elementor_template_type":null,"_elementor_version":null,"_elementor_pro_version":null,"_wp_page_template":"default","_elementor_page_settings":null,"_elementor_data":null,"_elementor_css":null,"_elementor_conditions":null,"_happyaddons_elements_cache":null,"_oembed_75446120c39305f0da0ccd147f6de9cb":null,"_oembed_time_75446120c39305f0da0ccd147f6de9cb":null,"_oembed_3efb2c3e76a18143e7207993a2a6939a":null,"_oembed_time_3efb2c3e76a18143e7207993a2a6939a":null,"_oembed_59808117857ddf57e478a31d79f76e4d":null,"_oembed_time_59808117857ddf57e478a31d79f76e4d":null,"_oembed_965c5b49aa8d22ce37dfb3bde0268600":null,"_oembed_time_965c5b49aa8d22ce37dfb3bde0268600":null,"_oembed_81002f7ee3604f645db4ebcfd1912acf":null,"_oembed_time_81002f7ee3604f645db4ebcfd1912acf":null,"_elementor_screenshot":null,"_oembed_7ea3429961cf98fa85da9747683af827":null,"_oembed_time_7ea3429961cf98fa85da9747683af827":null,"_elementor_controls_usage":null,"_elementor_page_assets":[],"_elementor_screenshot_failed":null,"theplus_transient_widgets":[],"_eael_custom_js":null,"_wp_old_date":null,"_trp_automatically_translated_slug_it_it":null,"_trp_automatically_translated_slug_pt_pt":null,"_trp_automatically_translated_slug_zh_cn":null,"_trp_automatically_translated_slug_nl_nl":null,"_trp_automatically_translated_slug_pt_br":null,"_trp_automatically_translated_slug_sv_se":null,"rank_math_analytic_object_id":"1098","rank_math_internal_links_processed":null,"_trp_automatically_translated_slug_ro_ro":null,"_trp_automatically_translated_slug_sk_sk":null,"_trp_automatically_translated_slug_bg_bg":null,"_trp_automatically_translated_slug_sl_si":null,"litespeed_vpi_list":["webhostinglogo.png"],"litespeed_vpi_list_mobile":["webhostinglogo.png"],"rank_math_seo_score":null,"rank_math_contentai_score":null,"ilj_limitincominglinks":null,"ilj_maxincominglinks":null,"ilj_limitoutgoinglinks":null,"ilj_maxoutgoinglinks":null,"ilj_limitlinksperparagraph":null,"ilj_linksperparagraph":null,"ilj_blacklistdefinition":null,"ilj_linkdefinition":null,"_eb_reusable_block_ids":[],"rank_math_focus_keyword":null,"rank_math_og_content_image":null,"_yoast_wpseo_metadesc":null,"_yoast_wpseo_content_score":null,"_yoast_wpseo_focuskeywords":null,"_yoast_wpseo_keywordsynonyms":null,"_yoast_wpseo_estimated-reading-time-minutes":null,"rank_math_description":null,"surfer_last_post_update":null,"surfer_last_post_update_direction":null,"surfer_keywords":null,"surfer_location":null,"surfer_draft_id":null,"surfer_permalink_hash":null,"surfer_scrape_ready":null,"_thumbnail_id":null,"footnotes":null,"_links":{"self":[{"href":"https:\/\/webhosting.de\/it\/wp-json\/wp\/v2\/pages\/27","targetHints":{"allow":["GET"]}}],"collection":[{"href":"https:\/\/webhosting.de\/it\/wp-json\/wp\/v2\/pages"}],"about":[{"href":"https:\/\/webhosting.de\/it\/wp-json\/wp\/v2\/types\/page"}],"author":[{"embeddable":true,"href":"https:\/\/webhosting.de\/it\/wp-json\/wp\/v2\/users\/1"}],"replies":[{"embeddable":true,"href":"https:\/\/webhosting.de\/it\/wp-json\/wp\/v2\/comments?post=27"}],"version-history":[{"count":0,"href":"https:\/\/webhosting.de\/it\/wp-json\/wp\/v2\/pages\/27\/revisions"}],"wp:attachment":[{"href":"https:\/\/webhosting.de\/it\/wp-json\/wp\/v2\/media?parent=27"}],"curies":[{"name":"wp","href":"https:\/\/api.w.org\/{rel}","templated":true}]}}